{"id":78,"date":"2011-05-27T21:21:33","date_gmt":"2011-05-27T21:21:33","guid":{"rendered":"http:\/\/www.scuderia.com.br\/site\/?page_id=78"},"modified":"2018-05-15T11:59:50","modified_gmt":"2018-05-15T14:59:50","slug":"servicos","status":"publish","type":"page","link":"https:\/\/www.scuderia.com.br\/site\/servicos\/","title":{"rendered":"Servi\u00e7os"},"content":{"rendered":"<h1><em>Servi\u00e7os Gr\u00e1ficos<\/em> oferecidos<\/h1>\n<p>A Scuderia Gr\u00e1fica e Comunica\u00e7\u00e3o produz os mais diversos materiais gr\u00e1ficos, com maquin\u00e1rios modernos em sua produ\u00e7\u00e3o interna, atendendendo na cria\u00e7\u00e3o atrav\u00e9s de seu est\u00fadio interno e tamb\u00e9m na impress\u00e3o e acabamentos de servi\u00e7os gr\u00e1ficos em offset para todas as suas necessidades.<\/p>\n<p>Atendemos revendedores gr\u00e1ficos, ag\u00eancias de publicidade e cliente final em S\u00e3o Paulo\/SP e em todo o territ\u00f3rio nacional.<\/p>\n<h2>Confira abaixo alguns de nossos Servi\u00e7os Gr\u00e1ficos:<img loading=\"lazy\" decoding=\"async\" class=\"alignleft size-full wp-image-304\" src=\"https:\/\/www.scuderia.com.br\/site\/wp-content\/uploads\/2011\/05\/impressao-offset.png\" alt=\"\" width=\"292\" height=\"220\" \/><img loading=\"lazy\" decoding=\"async\" class=\"alignright wp-image-302 size-full\" src=\"https:\/\/www.scuderia.com.br\/site\/wp-content\/uploads\/2011\/05\/impressao-offset.jpg\" alt=\"\" width=\"292\" height=\"220\" \/><\/h2>\n<ul>\n<li><a title=\"Adesivos Personalizados Impressos em offset ou digital\" href=\"https:\/\/www.scuderia.com.br\/site\/2011\/05\/adesivos-personalizados\/\">Adesivos<\/a><\/li>\n<li><a title=\"Banners Impressos com sa\u00edda digital\" href=\"https:\/\/www.scuderia.com.br\/site\/2011\/05\/banners\/\">Banners<\/a><\/li>\n<li><a title=\"Bloco de Anota\u00e7\u00f5es Personalizados\" href=\"https:\/\/www.scuderia.com.br\/site\/2011\/05\/blocos-de-anotacoes\/\">Blocos de Anota\u00e7\u00f5es<\/a><\/li>\n<li><a title=\"Calend\u00e1rios Personalizados Impressos em Offset\" href=\"https:\/\/www.scuderia.com.br\/site\/2011\/05\/calendarios\/\">Calend\u00e1rios<\/a><\/li>\n<li><a title=\"Cartazes Personalizados impressos em offset\" href=\"https:\/\/www.scuderia.com.br\/site\/2011\/05\/cartazes\/\">Cartazes<\/a><\/li>\n<li><a href=\"https:\/\/www.scuderia.com.br\/site\/2011\/05\/cartoes-de-visita\/\">Cart\u00f5es de Visita<\/a><\/li>\n<li><a title=\"Cat\u00e1logos Impressos em Offset\" href=\"https:\/\/www.scuderia.com.br\/site\/2011\/05\/catalogos\/\">Cat\u00e1logos<\/a><\/li>\n<li><a title=\"Duplicatas Personalizadas Pr\u00e9-Impressas em Offset\" href=\"https:\/\/www.scuderia.com.br\/site\/2011\/05\/duplicatas\/\">Duplicatas<\/a><\/li>\n<li><a title=\"Encartes para Supermercados, Auto Center, Pet Shops, Farm\u00e1cias, Perfumarias.\" href=\"https:\/\/www.scuderia.com.br\/site\/2011\/05\/encartes\/\">Encartes<\/a><\/li>\n<li><a title=\"Envelopes Personalizados\" href=\"https:\/\/www.scuderia.com.br\/site\/2011\/05\/envelopes\/\">Envelopes<\/a><\/li>\n<li><a title=\"Filipetas Impressas em Offset coloridas\" href=\"https:\/\/www.scuderia.com.br\/site\/2011\/05\/filipetas\/\">Filipetas<\/a><\/li>\n<li><a title=\"Impress\u00e3o de Flyers, Folders e Folhetos\" href=\"https:\/\/www.scuderia.com.br\/site\/2011\/06\/flyers-folders-e-folhetos\/\">Flyers, Folders e Folhetos<\/a><img loading=\"lazy\" decoding=\"async\" class=\"alignright wp-image-4265 size-large\" title=\"Servi\u00e7os Gr\u00e1ficos\" src=\"https:\/\/www.scuderia.com.br\/site\/wp-content\/uploads\/2012\/02\/SAM_0820_Edited-275x250.jpg\" alt=\"scuderia gr\u00e1fica\" width=\"275\" height=\"250\" srcset=\"https:\/\/www.scuderia.com.br\/site\/wp-content\/uploads\/2012\/02\/SAM_0820_Edited-275x250.jpg 275w, https:\/\/www.scuderia.com.br\/site\/wp-content\/uploads\/2012\/02\/SAM_0820_Edited-650x590.jpg 650w, https:\/\/www.scuderia.com.br\/site\/wp-content\/uploads\/2012\/02\/SAM_0820_Edited.jpg 1608w\" sizes=\"auto, (max-width: 275px) 100vw, 275px\" \/><\/li>\n<li><a title=\"Im\u00e3s de Geladeira Personalizados\" href=\"https:\/\/www.scuderia.com.br\/site\/2011\/06\/imas-de-geladeira\/\">Im\u00e3s de Geladeira<\/a><\/li>\n<li><a title=\"Malas Diretas Personalizadas\" href=\"https:\/\/www.scuderia.com.br\/site\/2011\/06\/malas-diretas-personalizadas\/ \">Malas Diretas<\/a><\/li>\n<li><a title=\"papel Carta Personalizado\" href=\"https:\/\/www.scuderia.com.br\/site\/2011\/06\/papeis-timbrados-papel-carta\/\">Papel Carta<\/a><img loading=\"lazy\" decoding=\"async\" class=\"alignright size-full wp-image-304\" title=\"impressao-offset\" src=\"https:\/\/www.scuderia.com.br\/site\/wp-content\/uploads\/2011\/05\/impressao-offset.png\" alt=\"\" width=\"252\" height=\"188\" \/><\/li>\n<li>Pastas<\/li>\n<li>Portf\u00f3lios<\/li>\n<li><a title=\"Impress\u00e3o de Posters personalizados e coloridos em Offset\" href=\"https:\/\/www.scuderia.com.br\/site\/2011\/07\/impressao-de-posters-coloridos-personalizados\/\">P\u00f4sters<\/a><\/li>\n<li><a title=\"Impress\u00e3o de Receitu\u00e1rios Personalizados Coloridos\" href=\"https:\/\/www.scuderia.com.br\/site\/2011\/07\/impressao-de-receituarios\/\">Receitu\u00e1rios<\/a><\/li>\n<li>Recibos<\/li>\n<li><a href=\"https:\/\/www.scuderia.com.br\/site\/2011\/07\/impressao-de-revistas\/\">Revistas<\/a><\/li>\n<li><a title=\"Impress\u00e3o de Santinhos coloridos em Offset\" href=\"https:\/\/www.scuderia.com.br\/site\/2011\/07\/impressao-de-santinhos-em-offset-coloridos\/\">Santinhos<\/a><\/li>\n<li><a title=\"Pap\u00e9is Timbrados para Empresa | Personalizados\" href=\"https:\/\/www.scuderia.com.br\/site\/2011\/06\/papeis-timbrados-papel-carta\/\">Timbrados<\/a><\/li>\n<li>Tal\u00f5es de Nota<\/li>\n<\/ul>\n<a href='https:\/\/www.scuderia.com.br\/site\/orcamentos\/' class='small-button smallsilver'>Solicite seu Or\u00e7amento aqui!<\/a>\n","protected":false},"excerpt":{"rendered":"<p>Servi\u00e7os Gr\u00e1ficos oferecidos A Scuderia Gr\u00e1fica e Comunica\u00e7\u00e3o produz os mais diversos materiais gr\u00e1ficos, com maquin\u00e1rios modernos em sua produ\u00e7\u00e3o interna, atendendendo na cria\u00e7\u00e3o atrav\u00e9s de seu est\u00fadio interno e tamb\u00e9m na impress\u00e3o e acabamentos de servi\u00e7os gr\u00e1ficos em offset para todas as suas necessidades. Atendemos revendedores gr\u00e1ficos, ag\u00eancias de publicidade e cliente final em [&hellip;]<\/p>\n","protected":false},"author":2,"featured_media":5118,"parent":0,"menu_order":0,"comment_status":"open","ping_status":"closed","template":"","meta":{"footnotes":""},"class_list":["post-78","page","type-page","status-publish","has-post-thumbnail","hentry"],"yoast_head":"<!-- This site is optimized with the Yoast SEO plugin v27.3 - https:\/\/yoast.com\/product\/yoast-seo-wordpress\/ -->\n<title>Servi\u00e7os Gr\u00e1ficos de Impress\u00e3o offset e Acabamentos<\/title>\n<meta name=\"description\" content=\"A Scuderia Comunica\u00e7\u00e3o oferece uma vasta op\u00e7\u00e3o em impress\u00e3o de servi\u00e7os gr\u00e1ficos e acabamentos para as suas necessidades.\" \/>\n<meta name=\"robots\" content=\"index, follow, max-snippet:-1, max-image-preview:large, max-video-preview:-1\" \/>\n<link rel=\"canonical\" href=\"https:\/\/www.scuderia.com.br\/site\/servicos\/\" \/>\n<meta property=\"og:locale\" content=\"pt_BR\" \/>\n<meta property=\"og:type\" content=\"article\" \/>\n<meta property=\"og:title\" content=\"Servi\u00e7os Gr\u00e1ficos de Impress\u00e3o offset e Acabamentos\" \/>\n<meta property=\"og:description\" content=\"A Scuderia Comunica\u00e7\u00e3o oferece uma vasta op\u00e7\u00e3o em impress\u00e3o de servi\u00e7os gr\u00e1ficos e acabamentos para as suas necessidades.\" \/>\n<meta property=\"og:url\" content=\"https:\/\/www.scuderia.com.br\/site\/servicos\/\" \/>\n<meta property=\"og:site_name\" content=\"Scuderia Gr\u00e1fica\" \/>\n<meta property=\"article:publisher\" content=\"https:\/\/www.facebook.com\/ScuderiaComunicacao\/\" \/>\n<meta property=\"article:modified_time\" content=\"2018-05-15T14:59:50+00:00\" \/>\n<meta property=\"og:image\" content=\"https:\/\/www.scuderia.com.br\/site\/wp-content\/uploads\/2018\/05\/logo.png\" \/>\n\t<meta property=\"og:image:width\" content=\"200\" \/>\n\t<meta property=\"og:image:height\" content=\"200\" \/>\n\t<meta property=\"og:image:type\" content=\"image\/png\" \/>\n<meta name=\"twitter:card\" content=\"summary_large_image\" \/>\n<meta name=\"twitter:site\" content=\"@scuderiacom\" \/>\n<meta name=\"twitter:label1\" content=\"Est. tempo de leitura\" \/>\n\t<meta name=\"twitter:data1\" content=\"1 minuto\" \/>\n<script type=\"application\/ld+json\" class=\"yoast-schema-graph\">{\"@context\":\"https:\\\/\\\/schema.org\",\"@graph\":[{\"@type\":\"WebPage\",\"@id\":\"https:\\\/\\\/www.scuderia.com.br\\\/site\\\/servicos\\\/\",\"url\":\"https:\\\/\\\/www.scuderia.com.br\\\/site\\\/servicos\\\/\",\"name\":\"Servi\u00e7os Gr\u00e1ficos de Impress\u00e3o offset e Acabamentos\",\"isPartOf\":{\"@id\":\"https:\\\/\\\/www.scuderia.com.br\\\/site\\\/#website\"},\"primaryImageOfPage\":{\"@id\":\"https:\\\/\\\/www.scuderia.com.br\\\/site\\\/servicos\\\/#primaryimage\"},\"image\":{\"@id\":\"https:\\\/\\\/www.scuderia.com.br\\\/site\\\/servicos\\\/#primaryimage\"},\"thumbnailUrl\":\"https:\\\/\\\/www.scuderia.com.br\\\/site\\\/wp-content\\\/uploads\\\/2018\\\/05\\\/logo.png\",\"datePublished\":\"2011-05-27T21:21:33+00:00\",\"dateModified\":\"2018-05-15T14:59:50+00:00\",\"description\":\"A Scuderia Comunica\u00e7\u00e3o oferece uma vasta op\u00e7\u00e3o em impress\u00e3o de servi\u00e7os gr\u00e1ficos e acabamentos para as suas necessidades.\",\"breadcrumb\":{\"@id\":\"https:\\\/\\\/www.scuderia.com.br\\\/site\\\/servicos\\\/#breadcrumb\"},\"inLanguage\":\"pt-BR\",\"potentialAction\":[{\"@type\":\"ReadAction\",\"target\":[\"https:\\\/\\\/www.scuderia.com.br\\\/site\\\/servicos\\\/\"]}]},{\"@type\":\"ImageObject\",\"inLanguage\":\"pt-BR\",\"@id\":\"https:\\\/\\\/www.scuderia.com.br\\\/site\\\/servicos\\\/#primaryimage\",\"url\":\"https:\\\/\\\/www.scuderia.com.br\\\/site\\\/wp-content\\\/uploads\\\/2018\\\/05\\\/logo.png\",\"contentUrl\":\"https:\\\/\\\/www.scuderia.com.br\\\/site\\\/wp-content\\\/uploads\\\/2018\\\/05\\\/logo.png\",\"width\":200,\"height\":200,\"caption\":\"Scuderia Gr\u00e1fica\"},{\"@type\":\"BreadcrumbList\",\"@id\":\"https:\\\/\\\/www.scuderia.com.br\\\/site\\\/servicos\\\/#breadcrumb\",\"itemListElement\":[{\"@type\":\"ListItem\",\"position\":1,\"name\":\"In\u00edcio\",\"item\":\"https:\\\/\\\/www.scuderia.com.br\\\/site\\\/\"},{\"@type\":\"ListItem\",\"position\":2,\"name\":\"Servi\u00e7os\"}]},{\"@type\":\"WebSite\",\"@id\":\"https:\\\/\\\/www.scuderia.com.br\\\/site\\\/#website\",\"url\":\"https:\\\/\\\/www.scuderia.com.br\\\/site\\\/\",\"name\":\"Scuderia Gr\u00e1fica\",\"description\":\"Possu\u00edmos solu\u00e7\u00f5es Gr\u00e1ficas para impress\u00e3o com o melhor custo benef\u00edcio do mercado.\",\"publisher\":{\"@id\":\"https:\\\/\\\/www.scuderia.com.br\\\/site\\\/#organization\"},\"potentialAction\":[{\"@type\":\"SearchAction\",\"target\":{\"@type\":\"EntryPoint\",\"urlTemplate\":\"https:\\\/\\\/www.scuderia.com.br\\\/site\\\/?s={search_term_string}\"},\"query-input\":{\"@type\":\"PropertyValueSpecification\",\"valueRequired\":true,\"valueName\":\"search_term_string\"}}],\"inLanguage\":\"pt-BR\"},{\"@type\":\"Organization\",\"@id\":\"https:\\\/\\\/www.scuderia.com.br\\\/site\\\/#organization\",\"name\":\"Scuderia Gr\u00e1fica\",\"url\":\"https:\\\/\\\/www.scuderia.com.br\\\/site\\\/\",\"logo\":{\"@type\":\"ImageObject\",\"inLanguage\":\"pt-BR\",\"@id\":\"https:\\\/\\\/www.scuderia.com.br\\\/site\\\/#\\\/schema\\\/logo\\\/image\\\/\",\"url\":\"https:\\\/\\\/www.scuderia.com.br\\\/site\\\/wp-content\\\/uploads\\\/2017\\\/06\\\/scuderia-logo-grafica1.png\",\"contentUrl\":\"https:\\\/\\\/www.scuderia.com.br\\\/site\\\/wp-content\\\/uploads\\\/2017\\\/06\\\/scuderia-logo-grafica1.png\",\"width\":360,\"height\":110,\"caption\":\"Scuderia Gr\u00e1fica\"},\"image\":{\"@id\":\"https:\\\/\\\/www.scuderia.com.br\\\/site\\\/#\\\/schema\\\/logo\\\/image\\\/\"},\"sameAs\":[\"https:\\\/\\\/www.facebook.com\\\/ScuderiaComunicacao\\\/\",\"https:\\\/\\\/x.com\\\/scuderiacom\",\"https:\\\/\\\/www.instagram.com\\\/scuderiacom\\\/\",\"http:\\\/\\\/www.youtube.com\\\/scuderiagrafica\"]}]}<\/script>\n<!-- \/ Yoast SEO plugin. -->","yoast_head_json":{"title":"Servi\u00e7os Gr\u00e1ficos de Impress\u00e3o offset e Acabamentos","description":"A Scuderia Comunica\u00e7\u00e3o oferece uma vasta op\u00e7\u00e3o em impress\u00e3o de servi\u00e7os gr\u00e1ficos e acabamentos para as suas necessidades.","robots":{"index":"index","follow":"follow","max-snippet":"max-snippet:-1","max-image-preview":"max-image-preview:large","max-video-preview":"max-video-preview:-1"},"canonical":"https:\/\/www.scuderia.com.br\/site\/servicos\/","og_locale":"pt_BR","og_type":"article","og_title":"Servi\u00e7os Gr\u00e1ficos de Impress\u00e3o offset e Acabamentos","og_description":"A Scuderia Comunica\u00e7\u00e3o oferece uma vasta op\u00e7\u00e3o em impress\u00e3o de servi\u00e7os gr\u00e1ficos e acabamentos para as suas necessidades.","og_url":"https:\/\/www.scuderia.com.br\/site\/servicos\/","og_site_name":"Scuderia Gr\u00e1fica","article_publisher":"https:\/\/www.facebook.com\/ScuderiaComunicacao\/","article_modified_time":"2018-05-15T14:59:50+00:00","og_image":[{"width":200,"height":200,"url":"https:\/\/www.scuderia.com.br\/site\/wp-content\/uploads\/2018\/05\/logo.png","type":"image\/png"}],"twitter_card":"summary_large_image","twitter_site":"@scuderiacom","twitter_misc":{"Est. tempo de leitura":"1 minuto"},"schema":{"@context":"https:\/\/schema.org","@graph":[{"@type":"WebPage","@id":"https:\/\/www.scuderia.com.br\/site\/servicos\/","url":"https:\/\/www.scuderia.com.br\/site\/servicos\/","name":"Servi\u00e7os Gr\u00e1ficos de Impress\u00e3o offset e Acabamentos","isPartOf":{"@id":"https:\/\/www.scuderia.com.br\/site\/#website"},"primaryImageOfPage":{"@id":"https:\/\/www.scuderia.com.br\/site\/servicos\/#primaryimage"},"image":{"@id":"https:\/\/www.scuderia.com.br\/site\/servicos\/#primaryimage"},"thumbnailUrl":"https:\/\/www.scuderia.com.br\/site\/wp-content\/uploads\/2018\/05\/logo.png","datePublished":"2011-05-27T21:21:33+00:00","dateModified":"2018-05-15T14:59:50+00:00","description":"A Scuderia Comunica\u00e7\u00e3o oferece uma vasta op\u00e7\u00e3o em impress\u00e3o de servi\u00e7os gr\u00e1ficos e acabamentos para as suas necessidades.","breadcrumb":{"@id":"https:\/\/www.scuderia.com.br\/site\/servicos\/#breadcrumb"},"inLanguage":"pt-BR","potentialAction":[{"@type":"ReadAction","target":["https:\/\/www.scuderia.com.br\/site\/servicos\/"]}]},{"@type":"ImageObject","inLanguage":"pt-BR","@id":"https:\/\/www.scuderia.com.br\/site\/servicos\/#primaryimage","url":"https:\/\/www.scuderia.com.br\/site\/wp-content\/uploads\/2018\/05\/logo.png","contentUrl":"https:\/\/www.scuderia.com.br\/site\/wp-content\/uploads\/2018\/05\/logo.png","width":200,"height":200,"caption":"Scuderia Gr\u00e1fica"},{"@type":"BreadcrumbList","@id":"https:\/\/www.scuderia.com.br\/site\/servicos\/#breadcrumb","itemListElement":[{"@type":"ListItem","position":1,"name":"In\u00edcio","item":"https:\/\/www.scuderia.com.br\/site\/"},{"@type":"ListItem","position":2,"name":"Servi\u00e7os"}]},{"@type":"WebSite","@id":"https:\/\/www.scuderia.com.br\/site\/#website","url":"https:\/\/www.scuderia.com.br\/site\/","name":"Scuderia Gr\u00e1fica","description":"Possu\u00edmos solu\u00e7\u00f5es Gr\u00e1ficas para impress\u00e3o com o melhor custo benef\u00edcio do mercado.","publisher":{"@id":"https:\/\/www.scuderia.com.br\/site\/#organization"},"potentialAction":[{"@type":"SearchAction","target":{"@type":"EntryPoint","urlTemplate":"https:\/\/www.scuderia.com.br\/site\/?s={search_term_string}"},"query-input":{"@type":"PropertyValueSpecification","valueRequired":true,"valueName":"search_term_string"}}],"inLanguage":"pt-BR"},{"@type":"Organization","@id":"https:\/\/www.scuderia.com.br\/site\/#organization","name":"Scuderia Gr\u00e1fica","url":"https:\/\/www.scuderia.com.br\/site\/","logo":{"@type":"ImageObject","inLanguage":"pt-BR","@id":"https:\/\/www.scuderia.com.br\/site\/#\/schema\/logo\/image\/","url":"https:\/\/www.scuderia.com.br\/site\/wp-content\/uploads\/2017\/06\/scuderia-logo-grafica1.png","contentUrl":"https:\/\/www.scuderia.com.br\/site\/wp-content\/uploads\/2017\/06\/scuderia-logo-grafica1.png","width":360,"height":110,"caption":"Scuderia Gr\u00e1fica"},"image":{"@id":"https:\/\/www.scuderia.com.br\/site\/#\/schema\/logo\/image\/"},"sameAs":["https:\/\/www.facebook.com\/ScuderiaComunicacao\/","https:\/\/x.com\/scuderiacom","https:\/\/www.instagram.com\/scuderiacom\/","http:\/\/www.youtube.com\/scuderiagrafica"]}]}},"_links":{"self":[{"href":"https:\/\/www.scuderia.com.br\/site\/wp-json\/wp\/v2\/pages\/78","targetHints":{"allow":["GET"]}}],"collection":[{"href":"https:\/\/www.scuderia.com.br\/site\/wp-json\/wp\/v2\/pages"}],"about":[{"href":"https:\/\/www.scuderia.com.br\/site\/wp-json\/wp\/v2\/types\/page"}],"author":[{"embeddable":true,"href":"https:\/\/www.scuderia.com.br\/site\/wp-json\/wp\/v2\/users\/2"}],"replies":[{"embeddable":true,"href":"https:\/\/www.scuderia.com.br\/site\/wp-json\/wp\/v2\/comments?post=78"}],"version-history":[{"count":3,"href":"https:\/\/www.scuderia.com.br\/site\/wp-json\/wp\/v2\/pages\/78\/revisions"}],"predecessor-version":[{"id":5140,"href":"https:\/\/www.scuderia.com.br\/site\/wp-json\/wp\/v2\/pages\/78\/revisions\/5140"}],"wp:featuredmedia":[{"embeddable":true,"href":"https:\/\/www.scuderia.com.br\/site\/wp-json\/wp\/v2\/media\/5118"}],"wp:attachment":[{"href":"https:\/\/www.scuderia.com.br\/site\/wp-json\/wp\/v2\/media?parent=78"}],"curies":[{"name":"wp","href":"https:\/\/api.w.org\/{rel}","templated":true}]}}