{"id":51,"date":"2011-05-23T22:49:57","date_gmt":"2011-05-23T22:49:57","guid":{"rendered":"http:\/\/www.scuderia.com.br\/site\/?page_id=51"},"modified":"2016-08-10T15:17:01","modified_gmt":"2016-08-10T18:17:01","slug":"scuderia-host","status":"publish","type":"page","link":"https:\/\/www.scuderia.com.br\/site\/scuderia-host\/","title":{"rendered":"Scuderia Host"},"content":{"rendered":"<p><img loading=\"lazy\" decoding=\"async\" class=\"alignleft size-full wp-image-280\" title=\"server-rack-new\" src=\"https:\/\/www.scuderia.com.br\/site\/wp-content\/uploads\/2011\/05\/server-rack-new3.gif\" alt=\"\" width=\"227\" height=\"242\" \/>A\u00a0<strong>Scuderia Host<\/strong> revoluciona o mercado fazendo uma parceria com um DataCenter nacional onde este\u00a0 lan\u00e7a de sua segunda unidade no Brasil. O DataCenter que utilizamos \u00e9 fruto de uma longa negocia\u00e7\u00e3o com operadoras de telecomunica\u00e7\u00f5es, visando prover excel\u00eancia em conectividade e valores muito abaixo do mercado. Nossas condi\u00e7\u00f5es promocionais de lan\u00e7amento para a unidade BR 2 s\u00e3o imbat\u00edveis quando comparadas a outros DataCenters nacionais com conectividade premium via fibra \u00f3tica.<\/p>\n<p><strong>Clientes<\/strong><br \/>\nCom foco no mercado corporativo, o nosso DataCenter\u00a0 possui clientes em mais de 5 pa\u00edses e 3 continentes. Em sua carteira est\u00e3o desde pequenas empresas, at\u00e9 clientes governamentais e grandes operadoras de telefonia m\u00f3vel e multinacionais.<\/p>\n<p><strong>Equipe<\/strong><br \/>\nA equipe do DataCenter conta com profissionais certificados e altamente qualificados. Ap\u00f3s contrata\u00e7\u00e3o de qualquer servi\u00e7o nossos clientes contam com o apoio de gerente de contas e analista de suporte n\u00edvel 2 .<\/p>\n","protected":false},"excerpt":{"rendered":"<p>A\u00a0Scuderia Host revoluciona o mercado fazendo uma parceria com um DataCenter nacional onde este\u00a0 lan\u00e7a de sua segunda unidade no Brasil. O DataCenter que utilizamos \u00e9 fruto de uma longa negocia\u00e7\u00e3o com operadoras de telecomunica\u00e7\u00f5es, visando prover excel\u00eancia em conectividade e valores muito abaixo do mercado. Nossas condi\u00e7\u00f5es promocionais de lan\u00e7amento para a unidade BR [&hellip;]<\/p>\n","protected":false},"author":2,"featured_media":4660,"parent":0,"menu_order":0,"comment_status":"open","ping_status":"open","template":"","meta":{"footnotes":""},"class_list":["post-51","page","type-page","status-publish","has-post-thumbnail","hentry"],"yoast_head":"<!-- This site is optimized with the Yoast SEO plugin v27.4 - https:\/\/yoast.com\/product\/yoast-seo-wordpress\/ -->\n<title>Cria\u00e7\u00e3o e Hospedagem de Sites<\/title>\n<meta name=\"description\" content=\"A Scuderia Host revoluciona o mercado fazendo uma parceria com um DataCenter nacional onde este lan\u00e7a de sua segunda unidade no Brasil.\" \/>\n<meta name=\"robots\" content=\"index, follow, max-snippet:-1, max-image-preview:large, max-video-preview:-1\" \/>\n<link rel=\"canonical\" href=\"https:\/\/www.scuderia.com.br\/site\/scuderia-host\/\" \/>\n<meta property=\"og:locale\" content=\"pt_BR\" \/>\n<meta property=\"og:type\" content=\"article\" \/>\n<meta property=\"og:title\" content=\"Cria\u00e7\u00e3o e Hospedagem de Sites\" \/>\n<meta property=\"og:description\" content=\"A Scuderia Host revoluciona o mercado fazendo uma parceria com um DataCenter nacional onde este lan\u00e7a de sua segunda unidade no Brasil.\" \/>\n<meta property=\"og:url\" content=\"https:\/\/www.scuderia.com.br\/site\/scuderia-host\/\" \/>\n<meta property=\"og:site_name\" content=\"Scuderia Gr\u00e1fica\" \/>\n<meta property=\"article:publisher\" content=\"https:\/\/www.facebook.com\/ScuderiaComunicacao\/\" \/>\n<meta property=\"article:modified_time\" content=\"2016-08-10T18:17:01+00:00\" \/>\n<meta property=\"og:image\" content=\"https:\/\/www.scuderia.com.br\/site\/wp-content\/uploads\/2011\/05\/destaque-scuderia-host.png\" \/>\n\t<meta property=\"og:image:width\" content=\"960\" \/>\n\t<meta property=\"og:image:height\" content=\"450\" \/>\n\t<meta property=\"og:image:type\" content=\"image\/png\" \/>\n<meta name=\"twitter:card\" content=\"summary_large_image\" \/>\n<meta name=\"twitter:site\" content=\"@scuderiacom\" \/>\n<meta name=\"twitter:label1\" content=\"Est. tempo de leitura\" \/>\n\t<meta name=\"twitter:data1\" content=\"1 minuto\" \/>\n<script type=\"application\/ld+json\" class=\"yoast-schema-graph\">{\"@context\":\"https:\\\/\\\/schema.org\",\"@graph\":[{\"@type\":\"WebPage\",\"@id\":\"https:\\\/\\\/www.scuderia.com.br\\\/site\\\/scuderia-host\\\/\",\"url\":\"https:\\\/\\\/www.scuderia.com.br\\\/site\\\/scuderia-host\\\/\",\"name\":\"Cria\u00e7\u00e3o e Hospedagem de Sites\",\"isPartOf\":{\"@id\":\"https:\\\/\\\/www.scuderia.com.br\\\/site\\\/#website\"},\"primaryImageOfPage\":{\"@id\":\"https:\\\/\\\/www.scuderia.com.br\\\/site\\\/scuderia-host\\\/#primaryimage\"},\"image\":{\"@id\":\"https:\\\/\\\/www.scuderia.com.br\\\/site\\\/scuderia-host\\\/#primaryimage\"},\"thumbnailUrl\":\"https:\\\/\\\/www.scuderia.com.br\\\/site\\\/wp-content\\\/uploads\\\/2011\\\/05\\\/destaque-scuderia-host.png\",\"datePublished\":\"2011-05-23T22:49:57+00:00\",\"dateModified\":\"2016-08-10T18:17:01+00:00\",\"description\":\"A Scuderia Host revoluciona o mercado fazendo uma parceria com um DataCenter nacional onde este lan\u00e7a de sua segunda unidade no Brasil.\",\"breadcrumb\":{\"@id\":\"https:\\\/\\\/www.scuderia.com.br\\\/site\\\/scuderia-host\\\/#breadcrumb\"},\"inLanguage\":\"pt-BR\",\"potentialAction\":[{\"@type\":\"ReadAction\",\"target\":[\"https:\\\/\\\/www.scuderia.com.br\\\/site\\\/scuderia-host\\\/\"]}]},{\"@type\":\"ImageObject\",\"inLanguage\":\"pt-BR\",\"@id\":\"https:\\\/\\\/www.scuderia.com.br\\\/site\\\/scuderia-host\\\/#primaryimage\",\"url\":\"https:\\\/\\\/www.scuderia.com.br\\\/site\\\/wp-content\\\/uploads\\\/2011\\\/05\\\/destaque-scuderia-host.png\",\"contentUrl\":\"https:\\\/\\\/www.scuderia.com.br\\\/site\\\/wp-content\\\/uploads\\\/2011\\\/05\\\/destaque-scuderia-host.png\",\"width\":960,\"height\":450,\"caption\":\"Scuderia Host\"},{\"@type\":\"BreadcrumbList\",\"@id\":\"https:\\\/\\\/www.scuderia.com.br\\\/site\\\/scuderia-host\\\/#breadcrumb\",\"itemListElement\":[{\"@type\":\"ListItem\",\"position\":1,\"name\":\"In\u00edcio\",\"item\":\"https:\\\/\\\/www.scuderia.com.br\\\/site\\\/\"},{\"@type\":\"ListItem\",\"position\":2,\"name\":\"Scuderia Host\"}]},{\"@type\":\"WebSite\",\"@id\":\"https:\\\/\\\/www.scuderia.com.br\\\/site\\\/#website\",\"url\":\"https:\\\/\\\/www.scuderia.com.br\\\/site\\\/\",\"name\":\"Scuderia Gr\u00e1fica\",\"description\":\"Possu\u00edmos solu\u00e7\u00f5es Gr\u00e1ficas para impress\u00e3o com o melhor custo benef\u00edcio do mercado.\",\"publisher\":{\"@id\":\"https:\\\/\\\/www.scuderia.com.br\\\/site\\\/#organization\"},\"potentialAction\":[{\"@type\":\"SearchAction\",\"target\":{\"@type\":\"EntryPoint\",\"urlTemplate\":\"https:\\\/\\\/www.scuderia.com.br\\\/site\\\/?s={search_term_string}\"},\"query-input\":{\"@type\":\"PropertyValueSpecification\",\"valueRequired\":true,\"valueName\":\"search_term_string\"}}],\"inLanguage\":\"pt-BR\"},{\"@type\":\"Organization\",\"@id\":\"https:\\\/\\\/www.scuderia.com.br\\\/site\\\/#organization\",\"name\":\"Scuderia Gr\u00e1fica\",\"url\":\"https:\\\/\\\/www.scuderia.com.br\\\/site\\\/\",\"logo\":{\"@type\":\"ImageObject\",\"inLanguage\":\"pt-BR\",\"@id\":\"https:\\\/\\\/www.scuderia.com.br\\\/site\\\/#\\\/schema\\\/logo\\\/image\\\/\",\"url\":\"https:\\\/\\\/www.scuderia.com.br\\\/site\\\/wp-content\\\/uploads\\\/2017\\\/06\\\/scuderia-logo-grafica1.png\",\"contentUrl\":\"https:\\\/\\\/www.scuderia.com.br\\\/site\\\/wp-content\\\/uploads\\\/2017\\\/06\\\/scuderia-logo-grafica1.png\",\"width\":360,\"height\":110,\"caption\":\"Scuderia Gr\u00e1fica\"},\"image\":{\"@id\":\"https:\\\/\\\/www.scuderia.com.br\\\/site\\\/#\\\/schema\\\/logo\\\/image\\\/\"},\"sameAs\":[\"https:\\\/\\\/www.facebook.com\\\/ScuderiaComunicacao\\\/\",\"https:\\\/\\\/x.com\\\/scuderiacom\",\"https:\\\/\\\/www.instagram.com\\\/scuderiacom\\\/\",\"http:\\\/\\\/www.youtube.com\\\/scuderiagrafica\"]}]}<\/script>\n<!-- \/ Yoast SEO plugin. -->","yoast_head_json":{"title":"Cria\u00e7\u00e3o e Hospedagem de Sites","description":"A Scuderia Host revoluciona o mercado fazendo uma parceria com um DataCenter nacional onde este lan\u00e7a de sua segunda unidade no Brasil.","robots":{"index":"index","follow":"follow","max-snippet":"max-snippet:-1","max-image-preview":"max-image-preview:large","max-video-preview":"max-video-preview:-1"},"canonical":"https:\/\/www.scuderia.com.br\/site\/scuderia-host\/","og_locale":"pt_BR","og_type":"article","og_title":"Cria\u00e7\u00e3o e Hospedagem de Sites","og_description":"A Scuderia Host revoluciona o mercado fazendo uma parceria com um DataCenter nacional onde este lan\u00e7a de sua segunda unidade no Brasil.","og_url":"https:\/\/www.scuderia.com.br\/site\/scuderia-host\/","og_site_name":"Scuderia Gr\u00e1fica","article_publisher":"https:\/\/www.facebook.com\/ScuderiaComunicacao\/","article_modified_time":"2016-08-10T18:17:01+00:00","og_image":[{"width":960,"height":450,"url":"https:\/\/www.scuderia.com.br\/site\/wp-content\/uploads\/2011\/05\/destaque-scuderia-host.png","type":"image\/png"}],"twitter_card":"summary_large_image","twitter_site":"@scuderiacom","twitter_misc":{"Est. tempo de leitura":"1 minuto"},"schema":{"@context":"https:\/\/schema.org","@graph":[{"@type":"WebPage","@id":"https:\/\/www.scuderia.com.br\/site\/scuderia-host\/","url":"https:\/\/www.scuderia.com.br\/site\/scuderia-host\/","name":"Cria\u00e7\u00e3o e Hospedagem de Sites","isPartOf":{"@id":"https:\/\/www.scuderia.com.br\/site\/#website"},"primaryImageOfPage":{"@id":"https:\/\/www.scuderia.com.br\/site\/scuderia-host\/#primaryimage"},"image":{"@id":"https:\/\/www.scuderia.com.br\/site\/scuderia-host\/#primaryimage"},"thumbnailUrl":"https:\/\/www.scuderia.com.br\/site\/wp-content\/uploads\/2011\/05\/destaque-scuderia-host.png","datePublished":"2011-05-23T22:49:57+00:00","dateModified":"2016-08-10T18:17:01+00:00","description":"A Scuderia Host revoluciona o mercado fazendo uma parceria com um DataCenter nacional onde este lan\u00e7a de sua segunda unidade no Brasil.","breadcrumb":{"@id":"https:\/\/www.scuderia.com.br\/site\/scuderia-host\/#breadcrumb"},"inLanguage":"pt-BR","potentialAction":[{"@type":"ReadAction","target":["https:\/\/www.scuderia.com.br\/site\/scuderia-host\/"]}]},{"@type":"ImageObject","inLanguage":"pt-BR","@id":"https:\/\/www.scuderia.com.br\/site\/scuderia-host\/#primaryimage","url":"https:\/\/www.scuderia.com.br\/site\/wp-content\/uploads\/2011\/05\/destaque-scuderia-host.png","contentUrl":"https:\/\/www.scuderia.com.br\/site\/wp-content\/uploads\/2011\/05\/destaque-scuderia-host.png","width":960,"height":450,"caption":"Scuderia Host"},{"@type":"BreadcrumbList","@id":"https:\/\/www.scuderia.com.br\/site\/scuderia-host\/#breadcrumb","itemListElement":[{"@type":"ListItem","position":1,"name":"In\u00edcio","item":"https:\/\/www.scuderia.com.br\/site\/"},{"@type":"ListItem","position":2,"name":"Scuderia Host"}]},{"@type":"WebSite","@id":"https:\/\/www.scuderia.com.br\/site\/#website","url":"https:\/\/www.scuderia.com.br\/site\/","name":"Scuderia Gr\u00e1fica","description":"Possu\u00edmos solu\u00e7\u00f5es Gr\u00e1ficas para impress\u00e3o com o melhor custo benef\u00edcio do mercado.","publisher":{"@id":"https:\/\/www.scuderia.com.br\/site\/#organization"},"potentialAction":[{"@type":"SearchAction","target":{"@type":"EntryPoint","urlTemplate":"https:\/\/www.scuderia.com.br\/site\/?s={search_term_string}"},"query-input":{"@type":"PropertyValueSpecification","valueRequired":true,"valueName":"search_term_string"}}],"inLanguage":"pt-BR"},{"@type":"Organization","@id":"https:\/\/www.scuderia.com.br\/site\/#organization","name":"Scuderia Gr\u00e1fica","url":"https:\/\/www.scuderia.com.br\/site\/","logo":{"@type":"ImageObject","inLanguage":"pt-BR","@id":"https:\/\/www.scuderia.com.br\/site\/#\/schema\/logo\/image\/","url":"https:\/\/www.scuderia.com.br\/site\/wp-content\/uploads\/2017\/06\/scuderia-logo-grafica1.png","contentUrl":"https:\/\/www.scuderia.com.br\/site\/wp-content\/uploads\/2017\/06\/scuderia-logo-grafica1.png","width":360,"height":110,"caption":"Scuderia Gr\u00e1fica"},"image":{"@id":"https:\/\/www.scuderia.com.br\/site\/#\/schema\/logo\/image\/"},"sameAs":["https:\/\/www.facebook.com\/ScuderiaComunicacao\/","https:\/\/x.com\/scuderiacom","https:\/\/www.instagram.com\/scuderiacom\/","http:\/\/www.youtube.com\/scuderiagrafica"]}]}},"_links":{"self":[{"href":"https:\/\/www.scuderia.com.br\/site\/wp-json\/wp\/v2\/pages\/51","targetHints":{"allow":["GET"]}}],"collection":[{"href":"https:\/\/www.scuderia.com.br\/site\/wp-json\/wp\/v2\/pages"}],"about":[{"href":"https:\/\/www.scuderia.com.br\/site\/wp-json\/wp\/v2\/types\/page"}],"author":[{"embeddable":true,"href":"https:\/\/www.scuderia.com.br\/site\/wp-json\/wp\/v2\/users\/2"}],"replies":[{"embeddable":true,"href":"https:\/\/www.scuderia.com.br\/site\/wp-json\/wp\/v2\/comments?post=51"}],"version-history":[{"count":0,"href":"https:\/\/www.scuderia.com.br\/site\/wp-json\/wp\/v2\/pages\/51\/revisions"}],"wp:featuredmedia":[{"embeddable":true,"href":"https:\/\/www.scuderia.com.br\/site\/wp-json\/wp\/v2\/media\/4660"}],"wp:attachment":[{"href":"https:\/\/www.scuderia.com.br\/site\/wp-json\/wp\/v2\/media?parent=51"}],"curies":[{"name":"wp","href":"https:\/\/api.w.org\/{rel}","templated":true}]}}