{"id":5,"date":"2011-05-16T19:00:07","date_gmt":"2011-05-16T19:00:07","guid":{"rendered":"http:\/\/www.scuderia.com.br\/site\/?page_id=5"},"modified":"2021-04-03T16:33:41","modified_gmt":"2021-04-03T19:33:41","slug":"scuderia-grafica","status":"publish","type":"page","link":"https:\/\/www.scuderia.com.br\/site\/scuderia-grafica\/","title":{"rendered":"Scuderia Gr\u00e1fica"},"content":{"rendered":"<h1 style=\"text-align: left;\"><\/h1>\n<p style=\"text-align: left;\">A <strong>Scuderia Gr\u00e1fica<\/strong> \u00e9 a m\u00e3e do grupo, todas as divis\u00f5es partiram dela. Atualmente esta divis\u00e3o atende a um grupo seleto de clientes e efetua o trabalho de identidade de empresas, campanhas de marketing, efetuando o trabalho de uma ag\u00eancia gr\u00e1fica com impress\u00e3o em maquin\u00e1rios pr\u00f3prios.<\/p>\n<p><!--more--><\/p>\n<h2>Scuderia Gr\u00e1fica &#8211; Seguem abaixo as \u00e1reas de atua\u00e7\u00e3o do Grupo de Comunica\u00e7\u00e3o Scuderia:<\/h2>\n<p>\u2022 Impress\u00f5es Gr\u00e1ficas <em>( Scuderia Gr\u00e1fica )<\/em><\/p>\n<p>\u2022 Cria\u00e7\u00e3o e desenvolvimentos de projetos gr\u00e1ficos<\/p>\n<p>\u2022 Consultoria e cria\u00e7\u00e3o de Campanhas publicit\u00e1rias<\/p>\n<p>\u2022 M\u00eddia Impressa e digital.<\/p>\n<p>\u2022 Jornalismo<\/p>\n<p>\u2022 Cria\u00e7\u00e3o e Hospedagens de sites na internet<\/p>\n<p>\u2022 Programa\u00e7\u00e3o de sistemas para Intranet e Internet<\/p>\n<h3>Produzimos diversos trabalhos gr\u00e1ficos, na Scuderia Gr\u00e1fica conforme seguem abaixo:<\/h3>\n<p>Adesivos<br \/>\nBanners<br \/>\nBlocos de Anota\u00e7\u00f5es<br \/>\nCalend\u00e1rios<br \/>\nCartazes<br \/>\nCart\u00f5es de Visitas<br \/>\nCat\u00e1logos<br \/>\nDuplicatas<br \/>\nEncartes<br \/>\nEnvelopes<br \/>\nFilipetas<br \/>\nFlyers<br \/>\nFolders<br \/>\nFolhetos<br \/>\nFolhinhas<br \/>\nIm\u00e3s de Geladeira<img loading=\"lazy\" decoding=\"async\" class=\"alignright size-full wp-image-306\" title=\"guilhotina_92deboca\" src=\"https:\/\/www.scuderia.com.br\/site\/wp-content\/uploads\/2011\/05\/guilhotina_92deboca.png\" alt=\"\" width=\"300\" height=\"225\" \/><br \/>\nMalas Diretas<br \/>\nPapel Carta<br \/>\nPastas<br \/>\nPortf\u00f3lio<br \/>\nP\u00f4sters<br \/>\nReceitu\u00e1rios<br \/>\nRecibos<br \/>\nRevistas<br \/>\nSantinhos<br \/>\nTimbrados<br \/>\nTal\u00f5es de Nota<\/p>\n<p><img loading=\"lazy\" decoding=\"async\" class=\"alignleft wp-image-5118 size-full\" src=\"https:\/\/www.scuderia.com.br\/site\/wp-content\/uploads\/2018\/05\/logo.png\" alt=\"Scuderia Gr\u00e1fica\" width=\"200\" height=\"200\" srcset=\"https:\/\/www.scuderia.com.br\/site\/wp-content\/uploads\/2018\/05\/logo.png 200w, https:\/\/www.scuderia.com.br\/site\/wp-content\/uploads\/2018\/05\/logo-150x150.png 150w, https:\/\/www.scuderia.com.br\/site\/wp-content\/uploads\/2018\/05\/logo-185x185.png 185w, https:\/\/www.scuderia.com.br\/site\/wp-content\/uploads\/2018\/05\/logo-184x184.png 184w\" sizes=\"auto, (max-width: 200px) 100vw, 200px\" \/><\/p>\n<p>Solicite agora mesmo um or\u00e7amento na <strong>Scuderia Gr\u00e1fica<\/strong> no bot\u00e3o abaixo:<\/p>\n<a href='https:\/\/www.scuderia.com.br\/site\/orcamentos' class='small-button smallred'>Or\u00e7amento &#8211; Scuderia Gr\u00e1fica<\/a>\n","protected":false},"excerpt":{"rendered":"<p>A Scuderia Gr\u00e1fica \u00e9 a m\u00e3e do grupo, todas as divis\u00f5es partiram dela. Atualmente esta divis\u00e3o atende a um grupo seleto de clientes e efetua o trabalho de identidade de empresas, campanhas de marketing, efetuando o trabalho de uma ag\u00eancia gr\u00e1fica com impress\u00e3o em maquin\u00e1rios pr\u00f3prios.<\/p>\n","protected":false},"author":2,"featured_media":5146,"parent":0,"menu_order":0,"comment_status":"open","ping_status":"open","template":"","meta":{"footnotes":""},"class_list":["post-5","page","type-page","status-publish","has-post-thumbnail","hentry"],"yoast_head":"<!-- This site is optimized with the Yoast SEO plugin v27.4 - https:\/\/yoast.com\/product\/yoast-seo-wordpress\/ -->\n<title>Scuderia Gr\u00e1fica | Scuderia Gr\u00e1fica<\/title>\n<meta name=\"description\" content=\"A Scuderia Gr\u00e1fica \u00e9 a m\u00e3e do grupo, todas as divis\u00f5es partiram dela. Atualmente esta divis\u00e3o atende a um grupo seleto de clientes e efetua o trabalho de identidade de empresas, campanhas de marketing, efetuando o trabalho de uma ag\u00eancia gr\u00e1fica com impress\u00e3o em maquin\u00e1rios pr\u00f3prios.\" \/>\n<meta name=\"robots\" content=\"index, follow, max-snippet:-1, max-image-preview:large, max-video-preview:-1\" \/>\n<link rel=\"canonical\" href=\"https:\/\/www.scuderia.com.br\/site\/scuderia-grafica\/\" \/>\n<meta property=\"og:locale\" content=\"pt_BR\" \/>\n<meta property=\"og:type\" content=\"article\" \/>\n<meta property=\"og:title\" content=\"Scuderia Gr\u00e1fica | Scuderia Gr\u00e1fica\" \/>\n<meta property=\"og:description\" content=\"A Scuderia Gr\u00e1fica \u00e9 a m\u00e3e do grupo, todas as divis\u00f5es partiram dela. Atualmente esta divis\u00e3o atende a um grupo seleto de clientes e efetua o trabalho de identidade de empresas, campanhas de marketing, efetuando o trabalho de uma ag\u00eancia gr\u00e1fica com impress\u00e3o em maquin\u00e1rios pr\u00f3prios.\" \/>\n<meta property=\"og:url\" content=\"https:\/\/www.scuderia.com.br\/site\/scuderia-grafica\/\" \/>\n<meta property=\"og:site_name\" content=\"Scuderia Gr\u00e1fica\" \/>\n<meta property=\"article:publisher\" content=\"https:\/\/www.facebook.com\/ScuderiaComunicacao\/\" \/>\n<meta property=\"article:modified_time\" content=\"2021-04-03T19:33:41+00:00\" \/>\n<meta property=\"og:image\" content=\"https:\/\/www.scuderia.com.br\/site\/wp-content\/uploads\/2018\/05\/destaque_grafica2-2.jpg\" \/>\n\t<meta property=\"og:image:width\" content=\"1\" \/>\n\t<meta property=\"og:image:height\" content=\"1\" \/>\n\t<meta property=\"og:image:type\" content=\"image\/jpeg\" \/>\n<meta name=\"twitter:card\" content=\"summary_large_image\" \/>\n<meta name=\"twitter:site\" content=\"@scuderiacom\" \/>\n<meta name=\"twitter:label1\" content=\"Est. tempo de leitura\" \/>\n\t<meta name=\"twitter:data1\" content=\"2 minutos\" \/>\n<script type=\"application\/ld+json\" class=\"yoast-schema-graph\">{\"@context\":\"https:\\\/\\\/schema.org\",\"@graph\":[{\"@type\":\"WebPage\",\"@id\":\"https:\\\/\\\/www.scuderia.com.br\\\/site\\\/scuderia-grafica\\\/\",\"url\":\"https:\\\/\\\/www.scuderia.com.br\\\/site\\\/scuderia-grafica\\\/\",\"name\":\"Scuderia Gr\u00e1fica | Scuderia Gr\u00e1fica\",\"isPartOf\":{\"@id\":\"https:\\\/\\\/www.scuderia.com.br\\\/site\\\/#website\"},\"primaryImageOfPage\":{\"@id\":\"https:\\\/\\\/www.scuderia.com.br\\\/site\\\/scuderia-grafica\\\/#primaryimage\"},\"image\":{\"@id\":\"https:\\\/\\\/www.scuderia.com.br\\\/site\\\/scuderia-grafica\\\/#primaryimage\"},\"thumbnailUrl\":\"https:\\\/\\\/www.scuderia.com.br\\\/site\\\/wp-content\\\/uploads\\\/2018\\\/05\\\/destaque_grafica2-2.jpg\",\"datePublished\":\"2011-05-16T19:00:07+00:00\",\"dateModified\":\"2021-04-03T19:33:41+00:00\",\"description\":\"A Scuderia Gr\u00e1fica \u00e9 a m\u00e3e do grupo, todas as divis\u00f5es partiram dela. Atualmente esta divis\u00e3o atende a um grupo seleto de clientes e efetua o trabalho de identidade de empresas, campanhas de marketing, efetuando o trabalho de uma ag\u00eancia gr\u00e1fica com impress\u00e3o em maquin\u00e1rios pr\u00f3prios.\",\"breadcrumb\":{\"@id\":\"https:\\\/\\\/www.scuderia.com.br\\\/site\\\/scuderia-grafica\\\/#breadcrumb\"},\"inLanguage\":\"pt-BR\",\"potentialAction\":[{\"@type\":\"ReadAction\",\"target\":[\"https:\\\/\\\/www.scuderia.com.br\\\/site\\\/scuderia-grafica\\\/\"]}]},{\"@type\":\"ImageObject\",\"inLanguage\":\"pt-BR\",\"@id\":\"https:\\\/\\\/www.scuderia.com.br\\\/site\\\/scuderia-grafica\\\/#primaryimage\",\"url\":\"https:\\\/\\\/www.scuderia.com.br\\\/site\\\/wp-content\\\/uploads\\\/2018\\\/05\\\/destaque_grafica2-2.jpg\",\"contentUrl\":\"https:\\\/\\\/www.scuderia.com.br\\\/site\\\/wp-content\\\/uploads\\\/2018\\\/05\\\/destaque_grafica2-2.jpg\"},{\"@type\":\"BreadcrumbList\",\"@id\":\"https:\\\/\\\/www.scuderia.com.br\\\/site\\\/scuderia-grafica\\\/#breadcrumb\",\"itemListElement\":[{\"@type\":\"ListItem\",\"position\":1,\"name\":\"In\u00edcio\",\"item\":\"https:\\\/\\\/www.scuderia.com.br\\\/site\\\/\"},{\"@type\":\"ListItem\",\"position\":2,\"name\":\"Scuderia Gr\u00e1fica\"}]},{\"@type\":\"WebSite\",\"@id\":\"https:\\\/\\\/www.scuderia.com.br\\\/site\\\/#website\",\"url\":\"https:\\\/\\\/www.scuderia.com.br\\\/site\\\/\",\"name\":\"Scuderia Gr\u00e1fica\",\"description\":\"Possu\u00edmos solu\u00e7\u00f5es Gr\u00e1ficas para impress\u00e3o com o melhor custo benef\u00edcio do mercado.\",\"publisher\":{\"@id\":\"https:\\\/\\\/www.scuderia.com.br\\\/site\\\/#organization\"},\"potentialAction\":[{\"@type\":\"SearchAction\",\"target\":{\"@type\":\"EntryPoint\",\"urlTemplate\":\"https:\\\/\\\/www.scuderia.com.br\\\/site\\\/?s={search_term_string}\"},\"query-input\":{\"@type\":\"PropertyValueSpecification\",\"valueRequired\":true,\"valueName\":\"search_term_string\"}}],\"inLanguage\":\"pt-BR\"},{\"@type\":\"Organization\",\"@id\":\"https:\\\/\\\/www.scuderia.com.br\\\/site\\\/#organization\",\"name\":\"Scuderia Gr\u00e1fica\",\"url\":\"https:\\\/\\\/www.scuderia.com.br\\\/site\\\/\",\"logo\":{\"@type\":\"ImageObject\",\"inLanguage\":\"pt-BR\",\"@id\":\"https:\\\/\\\/www.scuderia.com.br\\\/site\\\/#\\\/schema\\\/logo\\\/image\\\/\",\"url\":\"https:\\\/\\\/www.scuderia.com.br\\\/site\\\/wp-content\\\/uploads\\\/2017\\\/06\\\/scuderia-logo-grafica1.png\",\"contentUrl\":\"https:\\\/\\\/www.scuderia.com.br\\\/site\\\/wp-content\\\/uploads\\\/2017\\\/06\\\/scuderia-logo-grafica1.png\",\"width\":360,\"height\":110,\"caption\":\"Scuderia Gr\u00e1fica\"},\"image\":{\"@id\":\"https:\\\/\\\/www.scuderia.com.br\\\/site\\\/#\\\/schema\\\/logo\\\/image\\\/\"},\"sameAs\":[\"https:\\\/\\\/www.facebook.com\\\/ScuderiaComunicacao\\\/\",\"https:\\\/\\\/x.com\\\/scuderiacom\",\"https:\\\/\\\/www.instagram.com\\\/scuderiacom\\\/\",\"http:\\\/\\\/www.youtube.com\\\/scuderiagrafica\"]}]}<\/script>\n<!-- \/ Yoast SEO plugin. -->","yoast_head_json":{"title":"Scuderia Gr\u00e1fica | Scuderia Gr\u00e1fica","description":"A Scuderia Gr\u00e1fica \u00e9 a m\u00e3e do grupo, todas as divis\u00f5es partiram dela. Atualmente esta divis\u00e3o atende a um grupo seleto de clientes e efetua o trabalho de identidade de empresas, campanhas de marketing, efetuando o trabalho de uma ag\u00eancia gr\u00e1fica com impress\u00e3o em maquin\u00e1rios pr\u00f3prios.","robots":{"index":"index","follow":"follow","max-snippet":"max-snippet:-1","max-image-preview":"max-image-preview:large","max-video-preview":"max-video-preview:-1"},"canonical":"https:\/\/www.scuderia.com.br\/site\/scuderia-grafica\/","og_locale":"pt_BR","og_type":"article","og_title":"Scuderia Gr\u00e1fica | Scuderia Gr\u00e1fica","og_description":"A Scuderia Gr\u00e1fica \u00e9 a m\u00e3e do grupo, todas as divis\u00f5es partiram dela. Atualmente esta divis\u00e3o atende a um grupo seleto de clientes e efetua o trabalho de identidade de empresas, campanhas de marketing, efetuando o trabalho de uma ag\u00eancia gr\u00e1fica com impress\u00e3o em maquin\u00e1rios pr\u00f3prios.","og_url":"https:\/\/www.scuderia.com.br\/site\/scuderia-grafica\/","og_site_name":"Scuderia Gr\u00e1fica","article_publisher":"https:\/\/www.facebook.com\/ScuderiaComunicacao\/","article_modified_time":"2021-04-03T19:33:41+00:00","og_image":[{"url":"https:\/\/www.scuderia.com.br\/site\/wp-content\/uploads\/2018\/05\/destaque_grafica2-2.jpg","width":1,"height":1,"type":"image\/jpeg"}],"twitter_card":"summary_large_image","twitter_site":"@scuderiacom","twitter_misc":{"Est. tempo de leitura":"2 minutos"},"schema":{"@context":"https:\/\/schema.org","@graph":[{"@type":"WebPage","@id":"https:\/\/www.scuderia.com.br\/site\/scuderia-grafica\/","url":"https:\/\/www.scuderia.com.br\/site\/scuderia-grafica\/","name":"Scuderia Gr\u00e1fica | Scuderia Gr\u00e1fica","isPartOf":{"@id":"https:\/\/www.scuderia.com.br\/site\/#website"},"primaryImageOfPage":{"@id":"https:\/\/www.scuderia.com.br\/site\/scuderia-grafica\/#primaryimage"},"image":{"@id":"https:\/\/www.scuderia.com.br\/site\/scuderia-grafica\/#primaryimage"},"thumbnailUrl":"https:\/\/www.scuderia.com.br\/site\/wp-content\/uploads\/2018\/05\/destaque_grafica2-2.jpg","datePublished":"2011-05-16T19:00:07+00:00","dateModified":"2021-04-03T19:33:41+00:00","description":"A Scuderia Gr\u00e1fica \u00e9 a m\u00e3e do grupo, todas as divis\u00f5es partiram dela. Atualmente esta divis\u00e3o atende a um grupo seleto de clientes e efetua o trabalho de identidade de empresas, campanhas de marketing, efetuando o trabalho de uma ag\u00eancia gr\u00e1fica com impress\u00e3o em maquin\u00e1rios pr\u00f3prios.","breadcrumb":{"@id":"https:\/\/www.scuderia.com.br\/site\/scuderia-grafica\/#breadcrumb"},"inLanguage":"pt-BR","potentialAction":[{"@type":"ReadAction","target":["https:\/\/www.scuderia.com.br\/site\/scuderia-grafica\/"]}]},{"@type":"ImageObject","inLanguage":"pt-BR","@id":"https:\/\/www.scuderia.com.br\/site\/scuderia-grafica\/#primaryimage","url":"https:\/\/www.scuderia.com.br\/site\/wp-content\/uploads\/2018\/05\/destaque_grafica2-2.jpg","contentUrl":"https:\/\/www.scuderia.com.br\/site\/wp-content\/uploads\/2018\/05\/destaque_grafica2-2.jpg"},{"@type":"BreadcrumbList","@id":"https:\/\/www.scuderia.com.br\/site\/scuderia-grafica\/#breadcrumb","itemListElement":[{"@type":"ListItem","position":1,"name":"In\u00edcio","item":"https:\/\/www.scuderia.com.br\/site\/"},{"@type":"ListItem","position":2,"name":"Scuderia Gr\u00e1fica"}]},{"@type":"WebSite","@id":"https:\/\/www.scuderia.com.br\/site\/#website","url":"https:\/\/www.scuderia.com.br\/site\/","name":"Scuderia Gr\u00e1fica","description":"Possu\u00edmos solu\u00e7\u00f5es Gr\u00e1ficas para impress\u00e3o com o melhor custo benef\u00edcio do mercado.","publisher":{"@id":"https:\/\/www.scuderia.com.br\/site\/#organization"},"potentialAction":[{"@type":"SearchAction","target":{"@type":"EntryPoint","urlTemplate":"https:\/\/www.scuderia.com.br\/site\/?s={search_term_string}"},"query-input":{"@type":"PropertyValueSpecification","valueRequired":true,"valueName":"search_term_string"}}],"inLanguage":"pt-BR"},{"@type":"Organization","@id":"https:\/\/www.scuderia.com.br\/site\/#organization","name":"Scuderia Gr\u00e1fica","url":"https:\/\/www.scuderia.com.br\/site\/","logo":{"@type":"ImageObject","inLanguage":"pt-BR","@id":"https:\/\/www.scuderia.com.br\/site\/#\/schema\/logo\/image\/","url":"https:\/\/www.scuderia.com.br\/site\/wp-content\/uploads\/2017\/06\/scuderia-logo-grafica1.png","contentUrl":"https:\/\/www.scuderia.com.br\/site\/wp-content\/uploads\/2017\/06\/scuderia-logo-grafica1.png","width":360,"height":110,"caption":"Scuderia Gr\u00e1fica"},"image":{"@id":"https:\/\/www.scuderia.com.br\/site\/#\/schema\/logo\/image\/"},"sameAs":["https:\/\/www.facebook.com\/ScuderiaComunicacao\/","https:\/\/x.com\/scuderiacom","https:\/\/www.instagram.com\/scuderiacom\/","http:\/\/www.youtube.com\/scuderiagrafica"]}]}},"_links":{"self":[{"href":"https:\/\/www.scuderia.com.br\/site\/wp-json\/wp\/v2\/pages\/5","targetHints":{"allow":["GET"]}}],"collection":[{"href":"https:\/\/www.scuderia.com.br\/site\/wp-json\/wp\/v2\/pages"}],"about":[{"href":"https:\/\/www.scuderia.com.br\/site\/wp-json\/wp\/v2\/types\/page"}],"author":[{"embeddable":true,"href":"https:\/\/www.scuderia.com.br\/site\/wp-json\/wp\/v2\/users\/2"}],"replies":[{"embeddable":true,"href":"https:\/\/www.scuderia.com.br\/site\/wp-json\/wp\/v2\/comments?post=5"}],"version-history":[{"count":2,"href":"https:\/\/www.scuderia.com.br\/site\/wp-json\/wp\/v2\/pages\/5\/revisions"}],"predecessor-version":[{"id":5433,"href":"https:\/\/www.scuderia.com.br\/site\/wp-json\/wp\/v2\/pages\/5\/revisions\/5433"}],"wp:featuredmedia":[{"embeddable":true,"href":"https:\/\/www.scuderia.com.br\/site\/wp-json\/wp\/v2\/media\/5146"}],"wp:attachment":[{"href":"https:\/\/www.scuderia.com.br\/site\/wp-json\/wp\/v2\/media?parent=5"}],"curies":[{"name":"wp","href":"https:\/\/api.w.org\/{rel}","templated":true}]}}