{"id":3493,"date":"2013-12-14T15:34:12","date_gmt":"2013-12-14T18:34:12","guid":{"rendered":"http:\/\/www.scuderia.com.br\/site\/?page_id=3493"},"modified":"2013-12-14T16:16:16","modified_gmt":"2013-12-14T19:16:16","slug":"adesivos-para-cddvd-personalizados-impressos-em-offset-coloridos","status":"publish","type":"page","link":"https:\/\/www.scuderia.com.br\/site\/adesivos-para-cddvd-personalizados-impressos-em-offset-coloridos\/","title":{"rendered":"Adesivos Para CD ou DVD com Pre\u00e7o e qualidade Especiais"},"content":{"rendered":"<p>Se est\u00e1 precisando de Adesivos para CD ou DVD personalizados impressos em offset coloridos e com qualidade, ent\u00e3o encontrou o lugar certo.<\/p>\n<p>Consulte agora mesmo nos pre\u00e7os para produ\u00e7\u00e3o deste material com qualidade e pre\u00e7o baixo, no link abaixo:<\/p>\n<a href='https:\/\/www.scuderia.com.br\/site\/orcamentos' class='small-button smallred'>Or\u00e7amento<\/a>\n","protected":false},"excerpt":{"rendered":"<p>Se est\u00e1 precisando de Adesivos para CD ou DVD personalizados impressos em offset coloridos e com qualidade, ent\u00e3o encontrou o lugar certo. Consulte agora mesmo nos pre\u00e7os para produ\u00e7\u00e3o deste material com qualidade e pre\u00e7o baixo, no link abaixo:<\/p>\n","protected":false},"author":2,"featured_media":0,"parent":0,"menu_order":0,"comment_status":"open","ping_status":"closed","template":"","meta":{"footnotes":""},"class_list":["post-3493","page","type-page","status-publish","hentry"],"yoast_head":"<!-- This site is optimized with the Yoast SEO plugin v27.3 - https:\/\/yoast.com\/product\/yoast-seo-wordpress\/ -->\n<title>Adesivos Para CD ou DVD com Pre\u00e7o e qualidade Especiais | Scuderia Gr\u00e1fica<\/title>\n<meta name=\"robots\" content=\"index, follow, max-snippet:-1, max-image-preview:large, max-video-preview:-1\" \/>\n<link rel=\"canonical\" href=\"https:\/\/www.scuderia.com.br\/site\/adesivos-para-cddvd-personalizados-impressos-em-offset-coloridos\/\" \/>\n<meta property=\"og:locale\" content=\"pt_BR\" \/>\n<meta property=\"og:type\" content=\"article\" \/>\n<meta property=\"og:title\" content=\"Adesivos Para CD ou DVD com Pre\u00e7o e qualidade Especiais | Scuderia Gr\u00e1fica\" \/>\n<meta property=\"og:description\" content=\"Se est\u00e1 precisando de Adesivos para CD ou DVD personalizados impressos em offset coloridos e com qualidade, ent\u00e3o encontrou o lugar certo. Consulte agora mesmo nos pre\u00e7os para produ\u00e7\u00e3o deste material com qualidade e pre\u00e7o baixo, no link abaixo:\" \/>\n<meta property=\"og:url\" content=\"https:\/\/www.scuderia.com.br\/site\/adesivos-para-cddvd-personalizados-impressos-em-offset-coloridos\/\" \/>\n<meta property=\"og:site_name\" content=\"Scuderia Gr\u00e1fica\" \/>\n<meta property=\"article:publisher\" content=\"https:\/\/www.facebook.com\/ScuderiaComunicacao\/\" \/>\n<meta property=\"article:modified_time\" content=\"2013-12-14T19:16:16+00:00\" \/>\n<meta property=\"og:image\" content=\"https:\/\/www.scuderia.com.br\/site\/wp-content\/uploads\/2017\/06\/scuderia-logo-grafica1.png\" \/>\n\t<meta property=\"og:image:width\" content=\"360\" \/>\n\t<meta property=\"og:image:height\" content=\"110\" \/>\n\t<meta property=\"og:image:type\" content=\"image\/png\" \/>\n<meta name=\"twitter:card\" content=\"summary_large_image\" \/>\n<meta name=\"twitter:site\" content=\"@scuderiacom\" \/>\n<script type=\"application\/ld+json\" class=\"yoast-schema-graph\">{\"@context\":\"https:\\\/\\\/schema.org\",\"@graph\":[{\"@type\":\"WebPage\",\"@id\":\"https:\\\/\\\/www.scuderia.com.br\\\/site\\\/adesivos-para-cddvd-personalizados-impressos-em-offset-coloridos\\\/\",\"url\":\"https:\\\/\\\/www.scuderia.com.br\\\/site\\\/adesivos-para-cddvd-personalizados-impressos-em-offset-coloridos\\\/\",\"name\":\"Adesivos Para CD ou DVD com Pre\u00e7o e qualidade Especiais | Scuderia Gr\u00e1fica\",\"isPartOf\":{\"@id\":\"https:\\\/\\\/www.scuderia.com.br\\\/site\\\/#website\"},\"datePublished\":\"2013-12-14T18:34:12+00:00\",\"dateModified\":\"2013-12-14T19:16:16+00:00\",\"breadcrumb\":{\"@id\":\"https:\\\/\\\/www.scuderia.com.br\\\/site\\\/adesivos-para-cddvd-personalizados-impressos-em-offset-coloridos\\\/#breadcrumb\"},\"inLanguage\":\"pt-BR\",\"potentialAction\":[{\"@type\":\"ReadAction\",\"target\":[\"https:\\\/\\\/www.scuderia.com.br\\\/site\\\/adesivos-para-cddvd-personalizados-impressos-em-offset-coloridos\\\/\"]}]},{\"@type\":\"BreadcrumbList\",\"@id\":\"https:\\\/\\\/www.scuderia.com.br\\\/site\\\/adesivos-para-cddvd-personalizados-impressos-em-offset-coloridos\\\/#breadcrumb\",\"itemListElement\":[{\"@type\":\"ListItem\",\"position\":1,\"name\":\"In\u00edcio\",\"item\":\"https:\\\/\\\/www.scuderia.com.br\\\/site\\\/\"},{\"@type\":\"ListItem\",\"position\":2,\"name\":\"Adesivos Para CD ou DVD com Pre\u00e7o e qualidade Especiais\"}]},{\"@type\":\"WebSite\",\"@id\":\"https:\\\/\\\/www.scuderia.com.br\\\/site\\\/#website\",\"url\":\"https:\\\/\\\/www.scuderia.com.br\\\/site\\\/\",\"name\":\"Scuderia Gr\u00e1fica\",\"description\":\"Possu\u00edmos solu\u00e7\u00f5es Gr\u00e1ficas para impress\u00e3o com o melhor custo benef\u00edcio do mercado.\",\"publisher\":{\"@id\":\"https:\\\/\\\/www.scuderia.com.br\\\/site\\\/#organization\"},\"potentialAction\":[{\"@type\":\"SearchAction\",\"target\":{\"@type\":\"EntryPoint\",\"urlTemplate\":\"https:\\\/\\\/www.scuderia.com.br\\\/site\\\/?s={search_term_string}\"},\"query-input\":{\"@type\":\"PropertyValueSpecification\",\"valueRequired\":true,\"valueName\":\"search_term_string\"}}],\"inLanguage\":\"pt-BR\"},{\"@type\":\"Organization\",\"@id\":\"https:\\\/\\\/www.scuderia.com.br\\\/site\\\/#organization\",\"name\":\"Scuderia Gr\u00e1fica\",\"url\":\"https:\\\/\\\/www.scuderia.com.br\\\/site\\\/\",\"logo\":{\"@type\":\"ImageObject\",\"inLanguage\":\"pt-BR\",\"@id\":\"https:\\\/\\\/www.scuderia.com.br\\\/site\\\/#\\\/schema\\\/logo\\\/image\\\/\",\"url\":\"https:\\\/\\\/www.scuderia.com.br\\\/site\\\/wp-content\\\/uploads\\\/2017\\\/06\\\/scuderia-logo-grafica1.png\",\"contentUrl\":\"https:\\\/\\\/www.scuderia.com.br\\\/site\\\/wp-content\\\/uploads\\\/2017\\\/06\\\/scuderia-logo-grafica1.png\",\"width\":360,\"height\":110,\"caption\":\"Scuderia Gr\u00e1fica\"},\"image\":{\"@id\":\"https:\\\/\\\/www.scuderia.com.br\\\/site\\\/#\\\/schema\\\/logo\\\/image\\\/\"},\"sameAs\":[\"https:\\\/\\\/www.facebook.com\\\/ScuderiaComunicacao\\\/\",\"https:\\\/\\\/x.com\\\/scuderiacom\",\"https:\\\/\\\/www.instagram.com\\\/scuderiacom\\\/\",\"http:\\\/\\\/www.youtube.com\\\/scuderiagrafica\"]}]}<\/script>\n<!-- \/ Yoast SEO plugin. -->","yoast_head_json":{"title":"Adesivos Para CD ou DVD com Pre\u00e7o e qualidade Especiais | Scuderia Gr\u00e1fica","robots":{"index":"index","follow":"follow","max-snippet":"max-snippet:-1","max-image-preview":"max-image-preview:large","max-video-preview":"max-video-preview:-1"},"canonical":"https:\/\/www.scuderia.com.br\/site\/adesivos-para-cddvd-personalizados-impressos-em-offset-coloridos\/","og_locale":"pt_BR","og_type":"article","og_title":"Adesivos Para CD ou DVD com Pre\u00e7o e qualidade Especiais | Scuderia Gr\u00e1fica","og_description":"Se est\u00e1 precisando de Adesivos para CD ou DVD personalizados impressos em offset coloridos e com qualidade, ent\u00e3o encontrou o lugar certo. Consulte agora mesmo nos pre\u00e7os para produ\u00e7\u00e3o deste material com qualidade e pre\u00e7o baixo, no link abaixo:","og_url":"https:\/\/www.scuderia.com.br\/site\/adesivos-para-cddvd-personalizados-impressos-em-offset-coloridos\/","og_site_name":"Scuderia Gr\u00e1fica","article_publisher":"https:\/\/www.facebook.com\/ScuderiaComunicacao\/","article_modified_time":"2013-12-14T19:16:16+00:00","og_image":[{"width":360,"height":110,"url":"https:\/\/www.scuderia.com.br\/site\/wp-content\/uploads\/2017\/06\/scuderia-logo-grafica1.png","type":"image\/png"}],"twitter_card":"summary_large_image","twitter_site":"@scuderiacom","schema":{"@context":"https:\/\/schema.org","@graph":[{"@type":"WebPage","@id":"https:\/\/www.scuderia.com.br\/site\/adesivos-para-cddvd-personalizados-impressos-em-offset-coloridos\/","url":"https:\/\/www.scuderia.com.br\/site\/adesivos-para-cddvd-personalizados-impressos-em-offset-coloridos\/","name":"Adesivos Para CD ou DVD com Pre\u00e7o e qualidade Especiais | Scuderia Gr\u00e1fica","isPartOf":{"@id":"https:\/\/www.scuderia.com.br\/site\/#website"},"datePublished":"2013-12-14T18:34:12+00:00","dateModified":"2013-12-14T19:16:16+00:00","breadcrumb":{"@id":"https:\/\/www.scuderia.com.br\/site\/adesivos-para-cddvd-personalizados-impressos-em-offset-coloridos\/#breadcrumb"},"inLanguage":"pt-BR","potentialAction":[{"@type":"ReadAction","target":["https:\/\/www.scuderia.com.br\/site\/adesivos-para-cddvd-personalizados-impressos-em-offset-coloridos\/"]}]},{"@type":"BreadcrumbList","@id":"https:\/\/www.scuderia.com.br\/site\/adesivos-para-cddvd-personalizados-impressos-em-offset-coloridos\/#breadcrumb","itemListElement":[{"@type":"ListItem","position":1,"name":"In\u00edcio","item":"https:\/\/www.scuderia.com.br\/site\/"},{"@type":"ListItem","position":2,"name":"Adesivos Para CD ou DVD com Pre\u00e7o e qualidade Especiais"}]},{"@type":"WebSite","@id":"https:\/\/www.scuderia.com.br\/site\/#website","url":"https:\/\/www.scuderia.com.br\/site\/","name":"Scuderia Gr\u00e1fica","description":"Possu\u00edmos solu\u00e7\u00f5es Gr\u00e1ficas para impress\u00e3o com o melhor custo benef\u00edcio do mercado.","publisher":{"@id":"https:\/\/www.scuderia.com.br\/site\/#organization"},"potentialAction":[{"@type":"SearchAction","target":{"@type":"EntryPoint","urlTemplate":"https:\/\/www.scuderia.com.br\/site\/?s={search_term_string}"},"query-input":{"@type":"PropertyValueSpecification","valueRequired":true,"valueName":"search_term_string"}}],"inLanguage":"pt-BR"},{"@type":"Organization","@id":"https:\/\/www.scuderia.com.br\/site\/#organization","name":"Scuderia Gr\u00e1fica","url":"https:\/\/www.scuderia.com.br\/site\/","logo":{"@type":"ImageObject","inLanguage":"pt-BR","@id":"https:\/\/www.scuderia.com.br\/site\/#\/schema\/logo\/image\/","url":"https:\/\/www.scuderia.com.br\/site\/wp-content\/uploads\/2017\/06\/scuderia-logo-grafica1.png","contentUrl":"https:\/\/www.scuderia.com.br\/site\/wp-content\/uploads\/2017\/06\/scuderia-logo-grafica1.png","width":360,"height":110,"caption":"Scuderia Gr\u00e1fica"},"image":{"@id":"https:\/\/www.scuderia.com.br\/site\/#\/schema\/logo\/image\/"},"sameAs":["https:\/\/www.facebook.com\/ScuderiaComunicacao\/","https:\/\/x.com\/scuderiacom","https:\/\/www.instagram.com\/scuderiacom\/","http:\/\/www.youtube.com\/scuderiagrafica"]}]}},"_links":{"self":[{"href":"https:\/\/www.scuderia.com.br\/site\/wp-json\/wp\/v2\/pages\/3493","targetHints":{"allow":["GET"]}}],"collection":[{"href":"https:\/\/www.scuderia.com.br\/site\/wp-json\/wp\/v2\/pages"}],"about":[{"href":"https:\/\/www.scuderia.com.br\/site\/wp-json\/wp\/v2\/types\/page"}],"author":[{"embeddable":true,"href":"https:\/\/www.scuderia.com.br\/site\/wp-json\/wp\/v2\/users\/2"}],"replies":[{"embeddable":true,"href":"https:\/\/www.scuderia.com.br\/site\/wp-json\/wp\/v2\/comments?post=3493"}],"version-history":[{"count":0,"href":"https:\/\/www.scuderia.com.br\/site\/wp-json\/wp\/v2\/pages\/3493\/revisions"}],"wp:attachment":[{"href":"https:\/\/www.scuderia.com.br\/site\/wp-json\/wp\/v2\/media?parent=3493"}],"curies":[{"name":"wp","href":"https:\/\/api.w.org\/{rel}","templated":true}]}}